{"id":14683,"date":"2021-03-10T18:32:10","date_gmt":"2021-03-11T02:32:10","guid":{"rendered":"https:\/\/www.safetyhub.com\/a-propos-de-nous-1\/"},"modified":"2023-05-22T19:59:41","modified_gmt":"2023-05-23T02:59:41","slug":"a-propos-de-nous","status":"publish","type":"page","link":"https:\/\/www.safetyhub.com\/fr-ca\/a-propos-de-nous\/","title":{"rendered":"\u00c0 propos de nous"},"content":{"rendered":"<div class=\"wpb-content-wrapper\">[vc_section][vc_row full_width=\u00a0\u00bbstretch_row\u00a0\u00bb parallax=\u00a0\u00bbcontent-moving\u00a0\u00bb parallax_image=\u00a0\u00bb4026&Prime; wpex_bg_overlay=\u00a0\u00bbcolor\u00a0\u00bb wpex_shape_divider_bottom=\u00a0\u00bbtriangle\u00a0\u00bb wpex_shape_divider_bottom_invert=\u00a0\u00bbtrue\u00a0\u00bb css=\u00a0\u00bb.vc_custom_1592974745238{background-position: center;background-repeat: no-repeat !important;background-size: cover !important;}\u00a0\u00bb wpex_shape_divider_bottom_color=\u00a0\u00bb#fcfcfc\u00a0\u00bb wpex_shape_divider_bottom_height=\u00a0\u00bb100&Prime; wpex_shape_divider_bottom_width=\u00a0\u00bb100&Prime; wpex_bg_overlay_color=\u00a0\u00bb#fefefe\u00a0\u00bb wpex_bg_overlay_opacity=\u00a0\u00bb.1&Prime;][vc_column][vc_row_inner][vc_column_inner offset=\u00a0\u00bbvc_col-lg-6 vc_col-md-6 vc_col-xs-12&Prime;]\t<style>.vcex_69f4129939d01{height:200px;}@media (max-width:1024px){.vcex_69f4129939d01{height:100px;}}@media (max-width:959px){.vcex_69f4129939d01{height:100px;}}@media (max-width:767px){.vcex_69f4129939d01{height:60px;}}@media (max-width:479px){.vcex_69f4129939d01{height:60px;}}<\/style>\n<div class=\"vcex-spacing wpex-w-100 wpex-clear vcex_69f4129939d01\"><\/div><style>.vcex-heading.vcex_69f412993a639{color:#ffffff;font-size:40px;}<\/style><h2 class=\"vcex-heading vcex-heading-plain vcex-module wpex-heading wpex-text-2xl wpex-h2 wpex-text-left  wpb_animate_when_almost_visible wpb_slideInUp slideInUp vcex_69f412993a639\"><span class=\"vcex-heading-inner wpex-inline-block\">Notre mission<\/span><\/h2><div class=\"vcex-spacing wpex-w-100 wpex-clear\"><\/div><div class=\"vcex-module vcex-divider vcex-divider-solid  wpb_animate_when_almost_visible wpb_slideInUp slideInUp vcex-divider-left wpex-mr-auto wpex-max-w-100 wpex-block wpex-h-0 wpex-border-b wpex-border-solid wpex-border-main\" style=\"width:100px;border-bottom-width:4px;border-color:#ffcd05;\"><\/div><div class=\"vcex-spacing wpex-w-100 wpex-clear\"><\/div>[vc_column_text text_align=\u00a0\u00bbleft\u00a0\u00bb color=\u00a0\u00bb#fefefe\u00a0\u00bb]Nous voulons que les entreprises qui utilisent Safetyhub soient en mesure de communiquer de mani\u00e8re plus efficace avec le personnel qu\u2019elles doivent pr\u00e9server du danger au travail.<\/p>\n<p>Dans le cadre de nos efforts pour simplifier la formation, Safetyhub propose un contenu vid\u00e9o de haute qualit\u00e9 comme moyen int\u00e9gral de veiller \u00e0 ce que les employ\u00e9s soient inform\u00e9s, conscients et respectueux de la s\u00e9curit\u00e9.[\/vc_column_text]\t<style>.vcex_69f412993b12e{height:200px;}@media (max-width:1024px){.vcex_69f412993b12e{height:100px;}}@media (max-width:959px){.vcex_69f412993b12e{height:100px;}}@media (max-width:767px){.vcex_69f412993b12e{height:60px;}}@media (max-width:479px){.vcex_69f412993b12e{height:60px;}}<\/style>\n<div class=\"vcex-spacing wpex-w-100 wpex-clear vcex_69f412993b12e\"><\/div>[\/vc_column_inner][vc_column_inner offset=\u00a0\u00bbvc_col-lg-6 vc_col-md-6 vc_col-xs-12&Prime;][\/vc_column_inner][\/vc_row_inner][\/vc_column][\/vc_row][\/vc_section][vc_section full_width=\u00a0\u00bbstretch_row\u00a0\u00bb][vc_row][vc_column]\t<style>.vcex_69f412993b1cd{height:80px;}@media (max-width:1024px){.vcex_69f412993b1cd{height:20px;}}@media (max-width:959px){.vcex_69f412993b1cd{height:20px;}}@media (max-width:767px){.vcex_69f412993b1cd{height:20px;}}@media (max-width:479px){.vcex_69f412993b1cd{height:20px;}}<\/style>\n<div class=\"vcex-spacing wpex-w-100 wpex-clear vcex_69f412993b1cd\"><\/div>[\/vc_column][\/vc_row][vc_row content_placement=\u00a0\u00bbbottom\u00a0\u00bb][vc_column offset=\u00a0\u00bbvc_col-lg-2 vc_col-md-12 vc_col-xs-12&Prime;][\/vc_column][vc_column offset=\u00a0\u00bbvc_col-lg-8 vc_col-md-12 vc_col-xs-12&Prime;][vc_single_image image=\u00a0\u00bb18137&Prime; css_animation=\u00a0\u00bbnone\u00a0\u00bb alignment=\u00a0\u00bbcenter\u00a0\u00bb]<div class=\"vcex-spacing wpex-w-100 wpex-clear\"><\/div><style>.vcex-heading.vcex_69f412993b781{color:#34495e;font-size:30px;}<\/style><h2 class=\"vcex-heading vcex-heading-plain vcex-module wpex-heading wpex-text-2xl wpex-h2 wpex-text-center vcex_69f412993b781\"><span class=\"vcex-heading-inner wpex-inline-block\">Des solutions de s\u00e9curit\u00e9 depuis plus de 25 ans<\/span><\/h2><div class=\"vcex-spacing wpex-w-100 wpex-clear\"><\/div><div class=\"vcex-module vcex-divider vcex-divider-solid  wpb_animate_when_almost_visible wpb_slideInUp slideInUp vcex-divider-center wpex-mx-auto wpex-max-w-100 wpex-block wpex-h-0 wpex-border-b wpex-border-solid wpex-border-main\" style=\"width:100px;border-bottom-width:4px;border-color:#ffcd05;\"><\/div><div class=\"vcex-spacing wpex-w-100 wpex-clear\"><\/div>[vc_column_text css_animation=\u00a0\u00bbnone\u00a0\u00bb font_size=\u00a0\u00bb18&Prime; text_align=\u00a0\u00bbcenter\u00a0\u00bb]Depuis plus de 25 ans, Safetyhub offre aux entreprises des solutions et un contenu d\u2019apprentissage par vid\u00e9o de haute qualit\u00e9. C\u2019est pourquoi notre nom a la confiance des grandes et des petites entreprises dans le domaine de la formation \u00e0 la s\u00e9curit\u00e9 par vid\u00e9o dans tous les secteurs d\u2019activit\u00e9s.[\/vc_column_text]<div class=\"vcex-spacing wpex-w-100 wpex-clear\"><\/div>[vc_row_inner][vc_column_inner width=\u00a0\u00bb1\/6&Prime;][\/vc_column_inner][vc_column_inner width=\u00a0\u00bb2\/3&Prime;][vc_single_image image=\u00a0\u00bb18148&Prime; css_animation=\u00a0\u00bbnone\u00a0\u00bb lightbox_iframe_type=\u00a0\u00bbvideo_embed\u00a0\u00bb lightbox_video_overlay_icon=\u00a0\u00bbtrue\u00a0\u00bb el_class=\u00a0\u00bbhome-video-preview\u00a0\u00bb lightbox_video=\u00a0\u00bbhttps:\/\/www.youtube.com\/watch?v=YIVOOV-Ju5g?autoplay=1&Prime; lightbox_title=\u00a0\u00bbGHS Safety Training Video\u00a0\u00bb][\/vc_column_inner][vc_column_inner width=\u00a0\u00bb1\/6&Prime;][\/vc_column_inner][\/vc_row_inner]<div class=\"vcex-spacing wpex-w-100 wpex-clear\"><\/div><h3 class=\"theme-heading border-w-color vcex-module-heading vcex_image_carousel-heading\"><span class=\"text\">Trusted By:<\/span><\/h3><style class=\"vcex-carousel-preload-css\">.vcex_69f412993eb38{--wpex-carousel-gap:20px;}.vcex_69f412993eb38{--wpex-carousel-columns:2;}.vcex_69f412993eb38.wpex-carousel:not(.wpex-carousel--loaded) > *:not(:nth-child(1n+3)){display: flex !important;}@media only screen and (min-width: 480px) {.vcex_69f412993eb38{--wpex-carousel-columns:3;}.vcex_69f412993eb38.wpex-carousel:not(.wpex-carousel--loaded) > *:not(:nth-child(1n+4)){display: flex !important;}}@media only screen and (min-width: 768px) {.vcex_69f412993eb38{--wpex-carousel-columns:4;}.vcex_69f412993eb38.wpex-carousel:not(.wpex-carousel--loaded) > *:not(:nth-child(1n+5)){display: flex !important;}}@media only screen and (min-width: 960px) {.vcex_69f412993eb38{--wpex-carousel-columns:6;}.vcex_69f412993eb38.wpex-carousel:not(.wpex-carousel--loaded) > *:not(:nth-child(1n+7)){display: flex !important;}}<\/style><div class=\"vcex-image-carousel wpex-carousel wpex-carousel-images wpex-clr vcex-module owl-carousel wpex-carousel--render-onload vcex_69f412993eb38\" data-wpex-carousel=\"{&quot;nav&quot;:&quot;false&quot;,&quot;autoplay&quot;:&quot;true&quot;,&quot;margin&quot;:20,&quot;slideBy&quot;:1,&quot;items&quot;:6,&quot;responsive&quot;:{&quot;0&quot;:{&quot;items&quot;:2},&quot;480&quot;:{&quot;items&quot;:3},&quot;768&quot;:{&quot;items&quot;:4},&quot;960&quot;:{&quot;items&quot;:6}},&quot;smartSpeed&quot;:150,&quot;autoplayTimeout&quot;:2500}\"><div class=\"wpex-carousel-slide\"><figure class=\"wpex-carousel-entry-media entry-media wpex-relative\"><img width=\"425\" height=\"425\" src=\"https:\/\/www.safetyhub.com\/wp-content\/uploads\/2020\/03\/Toyota-01.svg\" class=\"wpex-align-middle skip-lazy\" alt=\"Safetyhub client logo - Toyota\" data-no-lazy=\"1\" \/><\/figure><\/div><div class=\"wpex-carousel-slide\"><figure class=\"wpex-carousel-entry-media entry-media wpex-relative\"><img width=\"425\" height=\"425\" src=\"https:\/\/www.safetyhub.com\/wp-content\/uploads\/2020\/03\/Tesco-01.svg\" class=\"wpex-align-middle skip-lazy\" alt=\"Safetyhub client logo - Tesco\" data-no-lazy=\"1\" \/><\/figure><\/div><div class=\"wpex-carousel-slide\"><figure class=\"wpex-carousel-entry-media entry-media wpex-relative\"><img width=\"425\" height=\"425\" src=\"https:\/\/www.safetyhub.com\/wp-content\/uploads\/2020\/03\/Rio-Tinto-01.svg\" class=\"wpex-align-middle skip-lazy\" alt=\"Safetyhub client logo - Rio Tinto\" data-no-lazy=\"1\" \/><\/figure><\/div><div class=\"wpex-carousel-slide\"><figure class=\"wpex-carousel-entry-media entry-media wpex-relative\"><img width=\"425\" height=\"425\" src=\"https:\/\/www.safetyhub.com\/wp-content\/uploads\/2020\/03\/Lloyds-01.svg\" class=\"wpex-align-middle skip-lazy\" alt=\"Safetyhub client logo - Lloyds banking group\" data-no-lazy=\"1\" \/><\/figure><\/div><div class=\"wpex-carousel-slide\"><figure class=\"wpex-carousel-entry-media entry-media wpex-relative\"><img width=\"425\" height=\"425\" src=\"https:\/\/www.safetyhub.com\/wp-content\/uploads\/2020\/03\/Dow-01.svg\" class=\"wpex-align-middle skip-lazy\" alt=\"Safetyhub client logo - Dow\" data-no-lazy=\"1\" \/><\/figure><\/div><div class=\"wpex-carousel-slide\"><figure class=\"wpex-carousel-entry-media entry-media wpex-relative\"><img width=\"425\" height=\"425\" src=\"https:\/\/www.safetyhub.com\/wp-content\/uploads\/2020\/03\/Costco-01.svg\" class=\"wpex-align-middle skip-lazy\" alt=\"Safetyhub client logo - Costco\" data-no-lazy=\"1\" \/><\/figure><\/div><div class=\"wpex-carousel-slide\"><figure class=\"wpex-carousel-entry-media entry-media wpex-relative\"><img width=\"425\" height=\"425\" src=\"https:\/\/www.safetyhub.com\/wp-content\/uploads\/2020\/03\/BP-01.svg\" class=\"wpex-align-middle skip-lazy\" alt=\"Safetyhub client logo - BP\" data-no-lazy=\"1\" \/><\/figure><\/div><div class=\"wpex-carousel-slide\"><figure class=\"wpex-carousel-entry-media entry-media wpex-relative\"><img width=\"425\" height=\"425\" src=\"https:\/\/www.safetyhub.com\/wp-content\/uploads\/2020\/03\/BHP-01.svg\" class=\"wpex-align-middle skip-lazy\" alt=\"Safetyhub client logo - BHP\" data-no-lazy=\"1\" \/><\/figure><\/div><div class=\"wpex-carousel-slide\"><figure class=\"wpex-carousel-entry-media entry-media wpex-relative\"><img width=\"425\" height=\"425\" src=\"https:\/\/www.safetyhub.com\/wp-content\/uploads\/2020\/03\/Bayer-01.svg\" class=\"wpex-align-middle skip-lazy\" alt=\"Safetyhub client logo - Bayer\" data-no-lazy=\"1\" \/><\/figure><\/div><div class=\"wpex-carousel-slide\"><figure class=\"wpex-carousel-entry-media entry-media wpex-relative\"><img width=\"425\" height=\"425\" src=\"https:\/\/www.safetyhub.com\/wp-content\/uploads\/2020\/03\/Air-Liquide-01.svg\" class=\"wpex-align-middle skip-lazy\" alt=\"Safetyhub client logo - Air Liquide\" data-no-lazy=\"1\" \/><\/figure><\/div><div class=\"wpex-carousel-slide\"><figure class=\"wpex-carousel-entry-media entry-media wpex-relative\"><img width=\"425\" height=\"425\" src=\"https:\/\/www.safetyhub.com\/wp-content\/uploads\/2020\/03\/Vale-01.svg\" class=\"wpex-align-middle skip-lazy\" alt=\"Safetyhub client logo - Vale\" data-no-lazy=\"1\" \/><\/figure><\/div><div class=\"wpex-carousel-slide\"><figure class=\"wpex-carousel-entry-media entry-media wpex-relative\"><img width=\"425\" height=\"425\" src=\"https:\/\/www.safetyhub.com\/wp-content\/uploads\/2020\/03\/Zurich-01.svg\" class=\"wpex-align-middle skip-lazy\" alt=\"Safetyhub client logo - zurich\" data-no-lazy=\"1\" \/><\/figure><\/div><\/div>[\/vc_column][vc_column offset=\u00a0\u00bbvc_col-lg-2 vc_col-md-12 vc_col-xs-12&Prime;][\/vc_column][\/vc_row][vc_row][vc_column]<div class=\"vcex-spacing wpex-w-100 wpex-clear\"><\/div>[\/vc_column][\/vc_row][\/vc_section][vc_section][vc_row full_width=\u00a0\u00bbstretch_row\u00a0\u00bb wpex_shape_divider_top=\u00a0\u00bbarrow\u00a0\u00bb css=\u00a0\u00bb.vc_custom_1607032651335{background-image: url(https:\/\/www.safetyhub.com\/wp-content\/uploads\/2020\/04\/Safetyhub-Participants-001-1732-x-1155.jpg?id=1560) !important;background-position: center !important;background-repeat: no-repeat !important;background-size: cover !important;}\u00a0\u00bb wpex_shape_divider_top_height=\u00a0\u00bb25&Prime; wpex_shape_divider_top_width=\u00a0\u00bb200&Prime; wpex_bg_position=\u00a0\u00bbtop right\u00a0\u00bb wpex_shape_divider_top_color=\u00a0\u00bb#fcfcfc\u00a0\u00bb][vc_column][vc_row_inner][vc_column_inner width=\u00a0\u00bb1\/2&Prime; offset=\u00a0\u00bbvc_col-lg-8&Prime;][\/vc_column_inner][vc_column_inner width=\u00a0\u00bb1\/2&Prime; offset=\u00a0\u00bbvc_col-lg-4&Prime;]<div class=\"vcex-spacing wpex-w-100 wpex-clear\" style=\"height:120px;\"><\/div><style>.vcex-heading.vcex_69f41299451be{color:#34495e;font-size:30px;}<\/style><h2 class=\"vcex-heading vcex-heading-plain vcex-module wpex-heading wpex-text-2xl wpex-h2 wpex-text-left  wpb_animate_when_almost_visible wpb_slideInUp slideInUp vcex_69f41299451be\"><span class=\"vcex-heading-inner wpex-inline-block\">Un soutien de haute qualit\u00e9<\/span><\/h2><div class=\"vcex-spacing wpex-w-100 wpex-clear\"><\/div>[vc_column_text text_align=\u00a0\u00bbleft\u00a0\u00bb]Avec votre abonnement \u00e0 Safetyhub, nous vous aidons \u00e0 personnaliser des solutions \u00e0 vos besoins en formation et nous vous attribuons votre propre gestionnaire de compte. Nos gestionnaires de comptes-clients sont l\u00e0 pour r\u00e9pondre \u00e0 toute question que vous pourrez avoir par la suite et vous aider \u00e0 vous servir de Safetyhub. Aussi, d\u00e9crochez votre t\u00e9l\u00e9phone aujourd\u2019hui et indiquez \u00e0 Safetyhub les besoins de formation de votre entreprise en mati\u00e8re de sant\u00e9 et de s\u00e9curit\u00e9.[\/vc_column_text]<div class=\"vcex-spacing wpex-w-100 wpex-clear\"><\/div><style>.vcex-button.vcex_69f4129945c69{color:#34495e!important;font-family:'Source Sans Pro', sans-serif;font-size:18px;font-weight:400;}.vcex-button.vcex_69f4129945c69:hover{color:#fefefe!important;}.vcex-button.vcex_69f4129945c69 .theme-button-icon-right{padding-inline-start:10px;}<\/style><a href=\"https:\/\/www.safetyhub.com\/fr-ca\/contact\/\" class=\"vcex-button theme-txt-link wpex-inline-block inline vcex_69f4129945c69\"><span class=\"vcex-button-inner theme-button-inner wpex-flex wpex-flex-wrap wpex-items-center wpex-justify-center\">Nous contacter<span class=\"vcex-button-icon vcex-icon-wrap theme-button-icon-right\"><span class=\"wpex-icon wpex-icon--bidi\" aria-hidden=\"true\"><svg xmlns=\"http:\/\/www.w3.org\/2000\/svg\" viewBox=\"0 0 512 512\"><path d=\"M502.6 278.6c12.5-12.5 12.5-32.8 0-45.3l-128-128c-12.5-12.5-32.8-12.5-45.3 0s-12.5 32.8 0 45.3L402.7 224 32 224c-17.7 0-32 14.3-32 32s14.3 32 32 32l370.7 0-73.4 73.4c-12.5 12.5-12.5 32.8 0 45.3s32.8 12.5 45.3 0l128-128z\"\/><\/svg><\/span><\/span><\/span><\/a> <div class=\"vcex-spacing wpex-w-100 wpex-clear\" style=\"height:400px;\"><\/div>[\/vc_column_inner][\/vc_row_inner][\/vc_column][\/vc_row][\/vc_section]\n<\/div>","protected":false},"excerpt":{"rendered":"<p>[vc_section][vc_row full_width=\u00a0\u00bbstretch_row\u00a0\u00bb parallax=\u00a0\u00bbcontent-moving\u00a0\u00bb parallax_image=\u00a0\u00bb4026&Prime; wpex_bg_overlay=\u00a0\u00bbcolor\u00a0\u00bb wpex_shape_divider_bottom=\u00a0\u00bbtriangle\u00a0\u00bb wpex_shape_divider_bottom_invert=\u00a0\u00bbtrue\u00a0\u00bb css=\u00a0\u00bb.vc_custom_1592974745238{background-position: center;background-repeat: no-repeat !important;background-size: cover !important;}\u00a0\u00bb wpex_shape_divider_bottom_color=\u00a0\u00bb#fcfcfc\u00a0\u00bb wpex_shape_divider_bottom_height=\u00a0\u00bb100&Prime; wpex_shape_divider_bottom_width=\u00a0\u00bb100&Prime; wpex_bg_overlay_color=\u00a0\u00bb#fefefe\u00a0\u00bb wpex_bg_overlay_opacity=\u00a0\u00bb.1&Prime;][vc_column][vc_row_inner][vc_column_inner offset=\u00a0\u00bbvc_col-lg-6 vc_col-md-6 vc_col-xs-12&Prime;][vc_column_text text_align=\u00a0\u00bbleft\u00a0\u00bb color=\u00a0\u00bb#fefefe\u00a0\u00bb]Nous voulons que les entreprises qui utilisent Safetyhub soient en mesure de communiquer de mani\u00e8re plus efficace avec le personnel qu\u2019elles doivent pr\u00e9server du danger au travail. Dans le cadre de nos efforts&hellip;<\/p>\n","protected":false},"author":3,"featured_media":0,"parent":0,"menu_order":0,"comment_status":"closed","ping_status":"closed","template":"","meta":{"inline_featured_image":false,"footnotes":""},"class_list":["post-14683","page","type-page","status-publish","hentry","entry","no-media"],"yoast_head":"<!-- This site is optimized with the Yoast SEO plugin v25.8 - https:\/\/yoast.com\/wordpress\/plugins\/seo\/ -->\n<title>\u00c0 propos de Safetyhub - Logiciel de formation par vid\u00e9o et SGA - Safetyhub<\/title>\n<meta name=\"description\" content=\"Depuis plus de 25 ans, le nom de Safetyhub a la confiance des grandes et petites entreprises dans le domaine de la formation \u00e0 la s\u00e9curit\u00e9 par vid\u00e9o dans tous les secteurs d\u2019activit\u00e9s.\" \/>\n<meta name=\"robots\" content=\"index, follow, max-snippet:-1, max-image-preview:large, max-video-preview:-1\" \/>\n<link rel=\"canonical\" href=\"https:\/\/www.safetyhub.com\/fr-ca\/a-propos-de-nous\/\" \/>\n<meta property=\"og:locale\" content=\"fr_CA\" \/>\n<meta property=\"og:type\" content=\"article\" \/>\n<meta property=\"og:title\" content=\"\u00c0 propos de Safetyhub - Logiciel de formation par vid\u00e9o et SGA - Safetyhub\" \/>\n<meta property=\"og:description\" content=\"Depuis plus de 25 ans, le nom de Safetyhub a la confiance des grandes et petites entreprises dans le domaine de la formation \u00e0 la s\u00e9curit\u00e9 par vid\u00e9o dans tous les secteurs d\u2019activit\u00e9s.\" \/>\n<meta property=\"og:url\" content=\"https:\/\/www.safetyhub.com\/fr-ca\/a-propos-de-nous\/\" \/>\n<meta property=\"og:site_name\" content=\"Safetyhub\" \/>\n<meta property=\"article:publisher\" content=\"https:\/\/www.facebook.com\/Safetycare\" \/>\n<meta property=\"article:modified_time\" content=\"2023-05-23T02:59:41+00:00\" \/>\n<meta name=\"twitter:card\" content=\"summary_large_image\" \/>\n<meta name=\"twitter:site\" content=\"@Safetycare\" \/>\n<meta name=\"twitter:label1\" content=\"Estimation du temps de lecture\" \/>\n\t<meta name=\"twitter:data1\" content=\"2 minutes\" \/>\n<script type=\"application\/ld+json\" class=\"yoast-schema-graph\">{\"@context\":\"https:\/\/schema.org\",\"@graph\":[{\"@type\":\"WebPage\",\"@id\":\"https:\/\/www.safetyhub.com\/fr-ca\/a-propos-de-nous\/\",\"url\":\"https:\/\/www.safetyhub.com\/fr-ca\/a-propos-de-nous\/\",\"name\":\"\u00c0 propos de Safetyhub - Logiciel de formation par vid\u00e9o et SGA - Safetyhub\",\"isPartOf\":{\"@id\":\"https:\/\/www.safetyhub.com\/fr-ca\/#website\"},\"datePublished\":\"2021-03-11T02:32:10+00:00\",\"dateModified\":\"2023-05-23T02:59:41+00:00\",\"description\":\"Depuis plus de 25 ans, le nom de Safetyhub a la confiance des grandes et petites entreprises dans le domaine de la formation \u00e0 la s\u00e9curit\u00e9 par vid\u00e9o dans tous les secteurs d\u2019activit\u00e9s.\",\"breadcrumb\":{\"@id\":\"https:\/\/www.safetyhub.com\/fr-ca\/a-propos-de-nous\/#breadcrumb\"},\"inLanguage\":\"fr-CA\",\"potentialAction\":[{\"@type\":\"ReadAction\",\"target\":[\"https:\/\/www.safetyhub.com\/fr-ca\/a-propos-de-nous\/\"]}]},{\"@type\":\"BreadcrumbList\",\"@id\":\"https:\/\/www.safetyhub.com\/fr-ca\/a-propos-de-nous\/#breadcrumb\",\"itemListElement\":[{\"@type\":\"ListItem\",\"position\":1,\"name\":\"Home\",\"item\":\"https:\/\/www.safetyhub.com\/fr-ca\/\"},{\"@type\":\"ListItem\",\"position\":2,\"name\":\"\u00c0 propos de nous\"}]},{\"@type\":\"WebSite\",\"@id\":\"https:\/\/www.safetyhub.com\/fr-ca\/#website\",\"url\":\"https:\/\/www.safetyhub.com\/fr-ca\/\",\"name\":\"Safetyhub\",\"description\":\"Online Safety Training solution featuring Safety Training Videos and LMS Tools\",\"publisher\":{\"@id\":\"https:\/\/www.safetyhub.com\/fr-ca\/#organization\"},\"potentialAction\":[{\"@type\":\"SearchAction\",\"target\":{\"@type\":\"EntryPoint\",\"urlTemplate\":\"https:\/\/www.safetyhub.com\/fr-ca\/?s={search_term_string}\"},\"query-input\":{\"@type\":\"PropertyValueSpecification\",\"valueRequired\":true,\"valueName\":\"search_term_string\"}}],\"inLanguage\":\"fr-CA\"},{\"@type\":\"Organization\",\"@id\":\"https:\/\/www.safetyhub.com\/fr-ca\/#organization\",\"name\":\"Safetyhub\",\"url\":\"https:\/\/www.safetyhub.com\/fr-ca\/\",\"logo\":{\"@type\":\"ImageObject\",\"inLanguage\":\"fr-CA\",\"@id\":\"https:\/\/www.safetyhub.com\/fr-ca\/#\/schema\/logo\/image\/\",\"url\":\"https:\/\/www.safetyshorts.com\/wp-content\/uploads\/2020\/05\/safetyhub-logo-primary-cello-color.png\",\"contentUrl\":\"https:\/\/www.safetyshorts.com\/wp-content\/uploads\/2020\/05\/safetyhub-logo-primary-cello-color.png\",\"width\":1168,\"height\":236,\"caption\":\"Safetyhub\"},\"image\":{\"@id\":\"https:\/\/www.safetyhub.com\/fr-ca\/#\/schema\/logo\/image\/\"},\"sameAs\":[\"https:\/\/www.facebook.com\/Safetycare\",\"https:\/\/x.com\/Safetycare\",\"https:\/\/www.linkedin.com\/company\/safetycare-inc\/\",\"https:\/\/www.youtube.com\/user\/SafetycareOnline\"]}]}<\/script>\n<!-- \/ Yoast SEO plugin. -->","yoast_head_json":{"title":"\u00c0 propos de Safetyhub - Logiciel de formation par vid\u00e9o et SGA - Safetyhub","description":"Depuis plus de 25 ans, le nom de Safetyhub a la confiance des grandes et petites entreprises dans le domaine de la formation \u00e0 la s\u00e9curit\u00e9 par vid\u00e9o dans tous les secteurs d\u2019activit\u00e9s.","robots":{"index":"index","follow":"follow","max-snippet":"max-snippet:-1","max-image-preview":"max-image-preview:large","max-video-preview":"max-video-preview:-1"},"canonical":"https:\/\/www.safetyhub.com\/fr-ca\/a-propos-de-nous\/","og_locale":"fr_CA","og_type":"article","og_title":"\u00c0 propos de Safetyhub - Logiciel de formation par vid\u00e9o et SGA - Safetyhub","og_description":"Depuis plus de 25 ans, le nom de Safetyhub a la confiance des grandes et petites entreprises dans le domaine de la formation \u00e0 la s\u00e9curit\u00e9 par vid\u00e9o dans tous les secteurs d\u2019activit\u00e9s.","og_url":"https:\/\/www.safetyhub.com\/fr-ca\/a-propos-de-nous\/","og_site_name":"Safetyhub","article_publisher":"https:\/\/www.facebook.com\/Safetycare","article_modified_time":"2023-05-23T02:59:41+00:00","twitter_card":"summary_large_image","twitter_site":"@Safetycare","twitter_misc":{"Estimation du temps de lecture":"2 minutes"},"schema":{"@context":"https:\/\/schema.org","@graph":[{"@type":"WebPage","@id":"https:\/\/www.safetyhub.com\/fr-ca\/a-propos-de-nous\/","url":"https:\/\/www.safetyhub.com\/fr-ca\/a-propos-de-nous\/","name":"\u00c0 propos de Safetyhub - Logiciel de formation par vid\u00e9o et SGA - Safetyhub","isPartOf":{"@id":"https:\/\/www.safetyhub.com\/fr-ca\/#website"},"datePublished":"2021-03-11T02:32:10+00:00","dateModified":"2023-05-23T02:59:41+00:00","description":"Depuis plus de 25 ans, le nom de Safetyhub a la confiance des grandes et petites entreprises dans le domaine de la formation \u00e0 la s\u00e9curit\u00e9 par vid\u00e9o dans tous les secteurs d\u2019activit\u00e9s.","breadcrumb":{"@id":"https:\/\/www.safetyhub.com\/fr-ca\/a-propos-de-nous\/#breadcrumb"},"inLanguage":"fr-CA","potentialAction":[{"@type":"ReadAction","target":["https:\/\/www.safetyhub.com\/fr-ca\/a-propos-de-nous\/"]}]},{"@type":"BreadcrumbList","@id":"https:\/\/www.safetyhub.com\/fr-ca\/a-propos-de-nous\/#breadcrumb","itemListElement":[{"@type":"ListItem","position":1,"name":"Home","item":"https:\/\/www.safetyhub.com\/fr-ca\/"},{"@type":"ListItem","position":2,"name":"\u00c0 propos de nous"}]},{"@type":"WebSite","@id":"https:\/\/www.safetyhub.com\/fr-ca\/#website","url":"https:\/\/www.safetyhub.com\/fr-ca\/","name":"Safetyhub","description":"Online Safety Training solution featuring Safety Training Videos and LMS Tools","publisher":{"@id":"https:\/\/www.safetyhub.com\/fr-ca\/#organization"},"potentialAction":[{"@type":"SearchAction","target":{"@type":"EntryPoint","urlTemplate":"https:\/\/www.safetyhub.com\/fr-ca\/?s={search_term_string}"},"query-input":{"@type":"PropertyValueSpecification","valueRequired":true,"valueName":"search_term_string"}}],"inLanguage":"fr-CA"},{"@type":"Organization","@id":"https:\/\/www.safetyhub.com\/fr-ca\/#organization","name":"Safetyhub","url":"https:\/\/www.safetyhub.com\/fr-ca\/","logo":{"@type":"ImageObject","inLanguage":"fr-CA","@id":"https:\/\/www.safetyhub.com\/fr-ca\/#\/schema\/logo\/image\/","url":"https:\/\/www.safetyshorts.com\/wp-content\/uploads\/2020\/05\/safetyhub-logo-primary-cello-color.png","contentUrl":"https:\/\/www.safetyshorts.com\/wp-content\/uploads\/2020\/05\/safetyhub-logo-primary-cello-color.png","width":1168,"height":236,"caption":"Safetyhub"},"image":{"@id":"https:\/\/www.safetyhub.com\/fr-ca\/#\/schema\/logo\/image\/"},"sameAs":["https:\/\/www.facebook.com\/Safetycare","https:\/\/x.com\/Safetycare","https:\/\/www.linkedin.com\/company\/safetycare-inc\/","https:\/\/www.youtube.com\/user\/SafetycareOnline"]}]}},"_links":{"self":[{"href":"https:\/\/www.safetyhub.com\/fr-ca\/wp-json\/wp\/v2\/pages\/14683","targetHints":{"allow":["GET"]}}],"collection":[{"href":"https:\/\/www.safetyhub.com\/fr-ca\/wp-json\/wp\/v2\/pages"}],"about":[{"href":"https:\/\/www.safetyhub.com\/fr-ca\/wp-json\/wp\/v2\/types\/page"}],"author":[{"embeddable":true,"href":"https:\/\/www.safetyhub.com\/fr-ca\/wp-json\/wp\/v2\/users\/3"}],"replies":[{"embeddable":true,"href":"https:\/\/www.safetyhub.com\/fr-ca\/wp-json\/wp\/v2\/comments?post=14683"}],"version-history":[{"count":19,"href":"https:\/\/www.safetyhub.com\/fr-ca\/wp-json\/wp\/v2\/pages\/14683\/revisions"}],"predecessor-version":[{"id":20841,"href":"https:\/\/www.safetyhub.com\/fr-ca\/wp-json\/wp\/v2\/pages\/14683\/revisions\/20841"}],"wp:attachment":[{"href":"https:\/\/www.safetyhub.com\/fr-ca\/wp-json\/wp\/v2\/media?parent=14683"}],"curies":[{"name":"wp","href":"https:\/\/api.w.org\/{rel}","templated":true}]}}