{"id":14740,"date":"2021-03-10T19:31:25","date_gmt":"2021-03-11T03:31:25","guid":{"rendered":"https:\/\/www.safetyhub.com\/essai\/"},"modified":"2024-03-04T19:39:00","modified_gmt":"2024-03-05T03:39:00","slug":"essai","status":"publish","type":"page","link":"https:\/\/www.safetyhub.com\/fr-ca\/essai\/","title":{"rendered":"Essai"},"content":{"rendered":"<div class=\"wpb-content-wrapper\">[vc_section full_width=\u00a0\u00bbstretch_row\u00a0\u00bb full_height=\u00a0\u00bbyes\u00a0\u00bb wpex_bg_overlay=\u00a0\u00bbcolor\u00a0\u00bb wpex_bg_overlay_color=\u00a0\u00bb#1e335d\u00a0\u00bb wpex_bg_overlay_opacity=\u00a0\u00bb.8&Prime; css=\u00a0\u00bb.vc_custom_1592031864734{background-image: url(https:\/\/www.safetyhub.com\/wp-content\/uploads\/2020\/06\/online-safety-training-background-graphic.jpg?id=3238) !important;background-position: center !important;background-repeat: no-repeat !important;background-size: cover !important;}\u00a0\u00bb wpex_bg_position=\u00a0\u00bbbottom left\u00a0\u00bb][vc_row full_width=\u00a0\u00bbstretch_row\u00a0\u00bb][vc_column][vc_row_inner][vc_column_inner][vc_empty_space height=\u00a0\u00bb100px\u00a0\u00bb][\/vc_column_inner][\/vc_row_inner][vc_row_inner gap=\u00a0\u00bb30&Prime;][vc_column_inner offset=\u00a0\u00bbvc_col-lg-6 vc_col-md-12 vc_col-xs-11&Prime;]<style>.vcex-heading.vcex_69f38e60d2db2{color:#ffcd05;font-size:28px;}<\/style><h1 class=\"vcex-heading vcex-heading-plain vcex-module wpex-heading wpex-text-2xl wpex-h1 wpex-text-left vcex_69f38e60d2db2\"><span class=\"vcex-heading-inner wpex-inline-block\">Prenez un abonnement d\u2019essai gratuit adapt\u00e9 aux besoins de votre entreprise.<\/span><\/h1>[vc_empty_space height=\u00a0\u00bb20px\u00a0\u00bb]<div class=\"vcex-module vcex-divider vcex-divider-solid vcex-divider-left wpex-mr-auto wpex-max-w-100 wpex-block wpex-h-0 wpex-border-b wpex-border-solid wpex-border-main\" style=\"width:50px;border-bottom-width:3px;border-color:#ffffff;\"><\/div>[vc_empty_space height=\u00a0\u00bb30px\u00a0\u00bb]<style>.vcex-button.vcex_69f38e60d40ef:hover{background:#dbb122!important;}.vcex-button.vcex_69f38e60d40ef .theme-button-icon-right{padding-inline-start:15px;}<\/style><a href=\"#\" class=\"vcex-button theme-button large inline vcex_69f38e60d40ef\"><span class=\"vcex-button-inner theme-button-inner wpex-flex wpex-flex-wrap wpex-items-center wpex-justify-center\"><span class=\"vcex-button-icon vcex-icon-wrap theme-button-icon-left\"><span class=\"wpex-icon\" aria-hidden=\"true\"><svg xmlns=\"http:\/\/www.w3.org\/2000\/svg\" viewBox=\"0 0 512 512\"><path d=\"M164.9 24.6c-7.7-18.6-28-28.5-47.4-23.2l-88 24C12.1 30.2 0 46 0 64C0 311.4 200.6 512 448 512c18 0 33.8-12.1 38.6-29.5l24-88c5.3-19.4-4.6-39.7-23.2-47.4l-96-40c-16.3-6.8-35.2-2.1-46.3 11.6L304.7 368C234.3 334.7 177.3 277.7 144 207.3L193.3 167c13.7-11.2 18.4-30 11.6-46.3l-40-96z\"\/><\/svg><\/span><\/span>(800) 323-6638<\/span><\/a> [vc_empty_space height=\u00a0\u00bb30px\u00a0\u00bb][\/vc_column_inner][vc_column_inner css=\u00a0\u00bb.vc_custom_1592956594957{background-color: #fefefe !important;}\u00a0\u00bb offset=\u00a0\u00bbvc_col-lg-6 vc_col-md-12 vc_col-xs-12&Prime;][vc_empty_space height=\u00a0\u00bb20px\u00a0\u00bb][vc_raw_html css=\u00a0\u00bb.vc_custom_1592005746998{padding-top: 20px !important;padding-right: 20px !important;padding-bottom: 20px !important;padding-left: 20px !important;}\u00a0\u00bb]W2hhcHB5Zm9ybXMgaWQ9IjczNDAiIC9d[\/vc_raw_html][\/vc_column_inner][\/vc_row_inner][\/vc_column][\/vc_row][\/vc_section]\n<\/div>","protected":false},"excerpt":{"rendered":"<p>[vc_section full_width=\u00a0\u00bbstretch_row\u00a0\u00bb full_height=\u00a0\u00bbyes\u00a0\u00bb wpex_bg_overlay=\u00a0\u00bbcolor\u00a0\u00bb wpex_bg_overlay_color=\u00a0\u00bb#1e335d\u00a0\u00bb wpex_bg_overlay_opacity=\u00a0\u00bb.8&Prime; css=\u00a0\u00bb.vc_custom_1592031864734{background-image: url(https:\/\/www.safetyhub.com\/wp-content\/uploads\/2020\/06\/online-safety-training-background-graphic.jpg?id=3238) !important;background-position: center !important;background-repeat: no-repeat !important;background-size: cover !important;}\u00a0\u00bb wpex_bg_position=\u00a0\u00bbbottom left\u00a0\u00bb][vc_row full_width=\u00a0\u00bbstretch_row\u00a0\u00bb][vc_column][vc_row_inner][vc_column_inner][vc_empty_space height=\u00a0\u00bb100px\u00a0\u00bb][\/vc_column_inner][\/vc_row_inner][vc_row_inner gap=\u00a0\u00bb30&Prime;][vc_column_inner offset=\u00a0\u00bbvc_col-lg-6 vc_col-md-12 vc_col-xs-11&Prime;][vc_empty_space height=\u00a0\u00bb20px\u00a0\u00bb][vc_empty_space height=\u00a0\u00bb30px\u00a0\u00bb][vc_empty_space height=\u00a0\u00bb30px\u00a0\u00bb][\/vc_column_inner][vc_column_inner css=\u00a0\u00bb.vc_custom_1592956594957{background-color: #fefefe !important;}\u00a0\u00bb offset=\u00a0\u00bbvc_col-lg-6 vc_col-md-12 vc_col-xs-12&Prime;][vc_empty_space height=\u00a0\u00bb20px\u00a0\u00bb][vc_raw_html css=\u00a0\u00bb.vc_custom_1592005746998{padding-top: 20px !important;padding-right: 20px !important;padding-bottom: 20px !important;padding-left: 20px !important;}\u00a0\u00bb]W2hhcHB5Zm9ybXMgaWQ9IjczNDAiIC9d[\/vc_raw_html][\/vc_column_inner][\/vc_row_inner][\/vc_column][\/vc_row][\/vc_section]<\/p>\n","protected":false},"author":3,"featured_media":14741,"parent":0,"menu_order":0,"comment_status":"closed","ping_status":"closed","template":"","meta":{"inline_featured_image":false,"footnotes":""},"class_list":["post-14740","page","type-page","status-publish","has-post-thumbnail","hentry","entry","has-media"],"yoast_head":"<!-- This site is optimized with the Yoast SEO plugin v25.8 - https:\/\/yoast.com\/wordpress\/plugins\/seo\/ -->\n<title>D\u00e9marrer l\u2019essai gratuit - Acc\u00e9der \u00e0 Safetyhub d\u00e8s aujourd\u2019hui<\/title>\n<meta name=\"description\" content=\"Contactez-nous pour un abonnement d\u2019essai gratuit \u00e0 toutes nos vid\u00e9os de formation \u00e0 la s\u00e9curit\u00e9 et aux outils de SGA adapt\u00e9s aux besoins de votre entreprise.\" \/>\n<meta name=\"robots\" content=\"index, follow, max-snippet:-1, max-image-preview:large, max-video-preview:-1\" \/>\n<link rel=\"canonical\" href=\"https:\/\/www.safetyhub.com\/fr-ca\/essai\/\" \/>\n<meta property=\"og:locale\" content=\"fr_CA\" \/>\n<meta property=\"og:type\" content=\"article\" \/>\n<meta property=\"og:title\" content=\"D\u00e9marrer l\u2019essai gratuit - Acc\u00e9der \u00e0 Safetyhub d\u00e8s aujourd\u2019hui\" \/>\n<meta property=\"og:description\" content=\"Contactez-nous pour un abonnement d\u2019essai gratuit \u00e0 toutes nos vid\u00e9os de formation \u00e0 la s\u00e9curit\u00e9 et aux outils de SGA adapt\u00e9s aux besoins de votre entreprise.\" \/>\n<meta property=\"og:url\" content=\"https:\/\/www.safetyhub.com\/fr-ca\/essai\/\" \/>\n<meta property=\"og:site_name\" content=\"Safetyhub\" \/>\n<meta property=\"article:publisher\" content=\"https:\/\/www.facebook.com\/Safetycare\" \/>\n<meta property=\"article:modified_time\" content=\"2024-03-05T03:39:00+00:00\" \/>\n<meta property=\"og:image\" content=\"https:\/\/www.safetyhub.com\/wp-content\/uploads\/2020\/04\/Safetyhub-Participants-008-1732-x-1155.jpg\" \/>\n\t<meta property=\"og:image:width\" content=\"1732\" \/>\n\t<meta property=\"og:image:height\" content=\"1155\" \/>\n\t<meta property=\"og:image:type\" content=\"image\/jpeg\" \/>\n<meta name=\"twitter:card\" content=\"summary_large_image\" \/>\n<meta name=\"twitter:site\" content=\"@Safetycare\" \/>\n<meta name=\"twitter:label1\" content=\"Estimation du temps de lecture\" \/>\n\t<meta name=\"twitter:data1\" content=\"1 minute\" \/>\n<script type=\"application\/ld+json\" class=\"yoast-schema-graph\">{\"@context\":\"https:\/\/schema.org\",\"@graph\":[{\"@type\":\"WebPage\",\"@id\":\"https:\/\/www.safetyhub.com\/fr-ca\/essai\/\",\"url\":\"https:\/\/www.safetyhub.com\/fr-ca\/essai\/\",\"name\":\"D\u00e9marrer l\u2019essai gratuit - Acc\u00e9der \u00e0 Safetyhub d\u00e8s aujourd\u2019hui\",\"isPartOf\":{\"@id\":\"https:\/\/www.safetyhub.com\/fr-ca\/#website\"},\"primaryImageOfPage\":{\"@id\":\"https:\/\/www.safetyhub.com\/fr-ca\/essai\/#primaryimage\"},\"image\":{\"@id\":\"https:\/\/www.safetyhub.com\/fr-ca\/essai\/#primaryimage\"},\"thumbnailUrl\":\"https:\/\/www.safetyhub.com\/wp-content\/uploads\/2020\/04\/Safetyhub-Participants-008-1732-x-1155.jpg\",\"datePublished\":\"2021-03-11T03:31:25+00:00\",\"dateModified\":\"2024-03-05T03:39:00+00:00\",\"description\":\"Contactez-nous pour un abonnement d\u2019essai gratuit \u00e0 toutes nos vid\u00e9os de formation \u00e0 la s\u00e9curit\u00e9 et aux outils de SGA adapt\u00e9s aux besoins de votre entreprise.\",\"breadcrumb\":{\"@id\":\"https:\/\/www.safetyhub.com\/fr-ca\/essai\/#breadcrumb\"},\"inLanguage\":\"fr-CA\",\"potentialAction\":[{\"@type\":\"ReadAction\",\"target\":[\"https:\/\/www.safetyhub.com\/fr-ca\/essai\/\"]}]},{\"@type\":\"ImageObject\",\"inLanguage\":\"fr-CA\",\"@id\":\"https:\/\/www.safetyhub.com\/fr-ca\/essai\/#primaryimage\",\"url\":\"https:\/\/www.safetyhub.com\/wp-content\/uploads\/2020\/04\/Safetyhub-Participants-008-1732-x-1155.jpg\",\"contentUrl\":\"https:\/\/www.safetyhub.com\/wp-content\/uploads\/2020\/04\/Safetyhub-Participants-008-1732-x-1155.jpg\",\"width\":1732,\"height\":1155,\"caption\":\"Safetyhub-Participants-008-1732-x-1155\"},{\"@type\":\"BreadcrumbList\",\"@id\":\"https:\/\/www.safetyhub.com\/fr-ca\/essai\/#breadcrumb\",\"itemListElement\":[{\"@type\":\"ListItem\",\"position\":1,\"name\":\"Home\",\"item\":\"https:\/\/www.safetyhub.com\/fr-ca\/\"},{\"@type\":\"ListItem\",\"position\":2,\"name\":\"Essai\"}]},{\"@type\":\"WebSite\",\"@id\":\"https:\/\/www.safetyhub.com\/fr-ca\/#website\",\"url\":\"https:\/\/www.safetyhub.com\/fr-ca\/\",\"name\":\"Safetyhub\",\"description\":\"Online Safety Training solution featuring Safety Training Videos and LMS Tools\",\"publisher\":{\"@id\":\"https:\/\/www.safetyhub.com\/fr-ca\/#organization\"},\"potentialAction\":[{\"@type\":\"SearchAction\",\"target\":{\"@type\":\"EntryPoint\",\"urlTemplate\":\"https:\/\/www.safetyhub.com\/fr-ca\/?s={search_term_string}\"},\"query-input\":{\"@type\":\"PropertyValueSpecification\",\"valueRequired\":true,\"valueName\":\"search_term_string\"}}],\"inLanguage\":\"fr-CA\"},{\"@type\":\"Organization\",\"@id\":\"https:\/\/www.safetyhub.com\/fr-ca\/#organization\",\"name\":\"Safetyhub\",\"url\":\"https:\/\/www.safetyhub.com\/fr-ca\/\",\"logo\":{\"@type\":\"ImageObject\",\"inLanguage\":\"fr-CA\",\"@id\":\"https:\/\/www.safetyhub.com\/fr-ca\/#\/schema\/logo\/image\/\",\"url\":\"https:\/\/www.safetyshorts.com\/wp-content\/uploads\/2020\/05\/safetyhub-logo-primary-cello-color.png\",\"contentUrl\":\"https:\/\/www.safetyshorts.com\/wp-content\/uploads\/2020\/05\/safetyhub-logo-primary-cello-color.png\",\"width\":1168,\"height\":236,\"caption\":\"Safetyhub\"},\"image\":{\"@id\":\"https:\/\/www.safetyhub.com\/fr-ca\/#\/schema\/logo\/image\/\"},\"sameAs\":[\"https:\/\/www.facebook.com\/Safetycare\",\"https:\/\/x.com\/Safetycare\",\"https:\/\/www.linkedin.com\/company\/safetycare-inc\/\",\"https:\/\/www.youtube.com\/user\/SafetycareOnline\"]}]}<\/script>\n<!-- \/ Yoast SEO plugin. -->","yoast_head_json":{"title":"D\u00e9marrer l\u2019essai gratuit - Acc\u00e9der \u00e0 Safetyhub d\u00e8s aujourd\u2019hui","description":"Contactez-nous pour un abonnement d\u2019essai gratuit \u00e0 toutes nos vid\u00e9os de formation \u00e0 la s\u00e9curit\u00e9 et aux outils de SGA adapt\u00e9s aux besoins de votre entreprise.","robots":{"index":"index","follow":"follow","max-snippet":"max-snippet:-1","max-image-preview":"max-image-preview:large","max-video-preview":"max-video-preview:-1"},"canonical":"https:\/\/www.safetyhub.com\/fr-ca\/essai\/","og_locale":"fr_CA","og_type":"article","og_title":"D\u00e9marrer l\u2019essai gratuit - Acc\u00e9der \u00e0 Safetyhub d\u00e8s aujourd\u2019hui","og_description":"Contactez-nous pour un abonnement d\u2019essai gratuit \u00e0 toutes nos vid\u00e9os de formation \u00e0 la s\u00e9curit\u00e9 et aux outils de SGA adapt\u00e9s aux besoins de votre entreprise.","og_url":"https:\/\/www.safetyhub.com\/fr-ca\/essai\/","og_site_name":"Safetyhub","article_publisher":"https:\/\/www.facebook.com\/Safetycare","article_modified_time":"2024-03-05T03:39:00+00:00","og_image":[{"width":1732,"height":1155,"url":"https:\/\/www.safetyhub.com\/wp-content\/uploads\/2020\/04\/Safetyhub-Participants-008-1732-x-1155.jpg","type":"image\/jpeg"}],"twitter_card":"summary_large_image","twitter_site":"@Safetycare","twitter_misc":{"Estimation du temps de lecture":"1 minute"},"schema":{"@context":"https:\/\/schema.org","@graph":[{"@type":"WebPage","@id":"https:\/\/www.safetyhub.com\/fr-ca\/essai\/","url":"https:\/\/www.safetyhub.com\/fr-ca\/essai\/","name":"D\u00e9marrer l\u2019essai gratuit - Acc\u00e9der \u00e0 Safetyhub d\u00e8s aujourd\u2019hui","isPartOf":{"@id":"https:\/\/www.safetyhub.com\/fr-ca\/#website"},"primaryImageOfPage":{"@id":"https:\/\/www.safetyhub.com\/fr-ca\/essai\/#primaryimage"},"image":{"@id":"https:\/\/www.safetyhub.com\/fr-ca\/essai\/#primaryimage"},"thumbnailUrl":"https:\/\/www.safetyhub.com\/wp-content\/uploads\/2020\/04\/Safetyhub-Participants-008-1732-x-1155.jpg","datePublished":"2021-03-11T03:31:25+00:00","dateModified":"2024-03-05T03:39:00+00:00","description":"Contactez-nous pour un abonnement d\u2019essai gratuit \u00e0 toutes nos vid\u00e9os de formation \u00e0 la s\u00e9curit\u00e9 et aux outils de SGA adapt\u00e9s aux besoins de votre entreprise.","breadcrumb":{"@id":"https:\/\/www.safetyhub.com\/fr-ca\/essai\/#breadcrumb"},"inLanguage":"fr-CA","potentialAction":[{"@type":"ReadAction","target":["https:\/\/www.safetyhub.com\/fr-ca\/essai\/"]}]},{"@type":"ImageObject","inLanguage":"fr-CA","@id":"https:\/\/www.safetyhub.com\/fr-ca\/essai\/#primaryimage","url":"https:\/\/www.safetyhub.com\/wp-content\/uploads\/2020\/04\/Safetyhub-Participants-008-1732-x-1155.jpg","contentUrl":"https:\/\/www.safetyhub.com\/wp-content\/uploads\/2020\/04\/Safetyhub-Participants-008-1732-x-1155.jpg","width":1732,"height":1155,"caption":"Safetyhub-Participants-008-1732-x-1155"},{"@type":"BreadcrumbList","@id":"https:\/\/www.safetyhub.com\/fr-ca\/essai\/#breadcrumb","itemListElement":[{"@type":"ListItem","position":1,"name":"Home","item":"https:\/\/www.safetyhub.com\/fr-ca\/"},{"@type":"ListItem","position":2,"name":"Essai"}]},{"@type":"WebSite","@id":"https:\/\/www.safetyhub.com\/fr-ca\/#website","url":"https:\/\/www.safetyhub.com\/fr-ca\/","name":"Safetyhub","description":"Online Safety Training solution featuring Safety Training Videos and LMS Tools","publisher":{"@id":"https:\/\/www.safetyhub.com\/fr-ca\/#organization"},"potentialAction":[{"@type":"SearchAction","target":{"@type":"EntryPoint","urlTemplate":"https:\/\/www.safetyhub.com\/fr-ca\/?s={search_term_string}"},"query-input":{"@type":"PropertyValueSpecification","valueRequired":true,"valueName":"search_term_string"}}],"inLanguage":"fr-CA"},{"@type":"Organization","@id":"https:\/\/www.safetyhub.com\/fr-ca\/#organization","name":"Safetyhub","url":"https:\/\/www.safetyhub.com\/fr-ca\/","logo":{"@type":"ImageObject","inLanguage":"fr-CA","@id":"https:\/\/www.safetyhub.com\/fr-ca\/#\/schema\/logo\/image\/","url":"https:\/\/www.safetyshorts.com\/wp-content\/uploads\/2020\/05\/safetyhub-logo-primary-cello-color.png","contentUrl":"https:\/\/www.safetyshorts.com\/wp-content\/uploads\/2020\/05\/safetyhub-logo-primary-cello-color.png","width":1168,"height":236,"caption":"Safetyhub"},"image":{"@id":"https:\/\/www.safetyhub.com\/fr-ca\/#\/schema\/logo\/image\/"},"sameAs":["https:\/\/www.facebook.com\/Safetycare","https:\/\/x.com\/Safetycare","https:\/\/www.linkedin.com\/company\/safetycare-inc\/","https:\/\/www.youtube.com\/user\/SafetycareOnline"]}]}},"_links":{"self":[{"href":"https:\/\/www.safetyhub.com\/fr-ca\/wp-json\/wp\/v2\/pages\/14740","targetHints":{"allow":["GET"]}}],"collection":[{"href":"https:\/\/www.safetyhub.com\/fr-ca\/wp-json\/wp\/v2\/pages"}],"about":[{"href":"https:\/\/www.safetyhub.com\/fr-ca\/wp-json\/wp\/v2\/types\/page"}],"author":[{"embeddable":true,"href":"https:\/\/www.safetyhub.com\/fr-ca\/wp-json\/wp\/v2\/users\/3"}],"replies":[{"embeddable":true,"href":"https:\/\/www.safetyhub.com\/fr-ca\/wp-json\/wp\/v2\/comments?post=14740"}],"version-history":[{"count":11,"href":"https:\/\/www.safetyhub.com\/fr-ca\/wp-json\/wp\/v2\/pages\/14740\/revisions"}],"predecessor-version":[{"id":23115,"href":"https:\/\/www.safetyhub.com\/fr-ca\/wp-json\/wp\/v2\/pages\/14740\/revisions\/23115"}],"wp:featuredmedia":[{"embeddable":true,"href":"https:\/\/www.safetyhub.com\/fr-ca\/wp-json\/wp\/v2\/media\/14741"}],"wp:attachment":[{"href":"https:\/\/www.safetyhub.com\/fr-ca\/wp-json\/wp\/v2\/media?parent=14740"}],"curies":[{"name":"wp","href":"https:\/\/api.w.org\/{rel}","templated":true}]}}